{"id":1580,"date":"2024-07-12T13:52:33","date_gmt":"2024-07-12T16:52:33","guid":{"rendered":"https:\/\/www.metodo.com.br\/?page_id=1580"},"modified":"2024-09-25T14:49:39","modified_gmt":"2024-09-25T17:49:39","slug":"entretenimento","status":"publish","type":"page","link":"https:\/\/www.metodo.com.br\/en\/segmentos\/entretenimento\/","title":{"rendered":"entertainment"},"content":{"rendered":"<div class=\"wp-block-buttons is-layout-flex wp-block-buttons-is-layout-flex\">\r\n<div class=\"wp-block-button is-style-outline is-style-outline--2\"><a class=\"wp-block-button__link wp-element-button\" href=\"https:\/\/www.metodo.com.br\/segmentos\/\">Back<\/a><\/div>\r\n<\/div>\r\n\r\n\r\n\r\n<div style=\"height:70px\" aria-hidden=\"true\" class=\"wp-block-spacer\"><\/div>\r\n\r\n\r\n\r\n<div class=\"wp-block-columns is-layout-flex wp-container-core-columns-is-layout-8f761849 wp-block-columns-is-layout-flex\">\r\n<div class=\"wp-block-column is-layout-flow wp-block-column-is-layout-flow\">\r\n<figure class=\"wp-block-image size-large\"><img loading=\"lazy\" decoding=\"async\" width=\"1024\" height=\"768\" src=\"https:\/\/www.metodo.com.br\/wp-content\/uploads\/2024\/07\/Hipodromo-1024x768.png\" alt=\"\" class=\"wp-image-1581\" srcset=\"https:\/\/www.metodo.com.br\/wp-content\/uploads\/2024\/07\/Hipodromo-1024x768.png 1024w, https:\/\/www.metodo.com.br\/wp-content\/uploads\/2024\/07\/Hipodromo-300x225.png 300w, https:\/\/www.metodo.com.br\/wp-content\/uploads\/2024\/07\/Hipodromo-768x576.png 768w, https:\/\/www.metodo.com.br\/wp-content\/uploads\/2024\/07\/Hipodromo-1536x1152.png 1536w, https:\/\/www.metodo.com.br\/wp-content\/uploads\/2024\/07\/Hipodromo.png 1890w\" sizes=\"auto, (max-width: 1024px) 100vw, 1024px\" \/><\/figure>\r\n\r\n\r\n\r\n<h2 class=\"wp-block-heading\">Hip\u00f3dromo de Maro\u00f1as<\/h2>\r\n\r\n\r\n\r\n<p class=\"wp-block-paragraph\"><strong>Location:\u00a0<\/strong>Montevideo &#8211; Uruguai <br><strong>Client:<\/strong>\u00a0H\u00edpica Rioplatense Uruguay S.A.<br><strong>Service:<\/strong>\u00a0Retrofit<strong><br>Completion:<\/strong>\u00a02006<br><\/p>\r\n<\/div>\r\n\r\n\r\n\r\n<div class=\"wp-block-column is-layout-flow wp-block-column-is-layout-flow\">\r\n<figure class=\"wp-block-image size-large\"><img loading=\"lazy\" decoding=\"async\" width=\"1024\" height=\"768\" src=\"https:\/\/www.metodo.com.br\/wp-content\/uploads\/2024\/07\/Las-piedras-1024x768.png\" alt=\"\" class=\"wp-image-1582\" srcset=\"https:\/\/www.metodo.com.br\/wp-content\/uploads\/2024\/07\/Las-piedras-1024x768.png 1024w, https:\/\/www.metodo.com.br\/wp-content\/uploads\/2024\/07\/Las-piedras-300x225.png 300w, https:\/\/www.metodo.com.br\/wp-content\/uploads\/2024\/07\/Las-piedras-768x576.png 768w, https:\/\/www.metodo.com.br\/wp-content\/uploads\/2024\/07\/Las-piedras-1536x1152.png 1536w, https:\/\/www.metodo.com.br\/wp-content\/uploads\/2024\/07\/Las-piedras.png 1890w\" sizes=\"auto, (max-width: 1024px) 100vw, 1024px\" \/><\/figure>\r\n\r\n\r\n\r\n<h2 class=\"wp-block-heading\">Sala de Entretenimiento &#8211; Shopping de Las Piedras<\/h2>\r\n\r\n\r\n\r\n<p class=\"wp-block-paragraph\"><strong>Location:&nbsp;<\/strong>Montevideo &#8211; Uruguai <br><strong>Client:<\/strong>&nbsp;H\u00edpica Rioplatense Uruguay S.A.<br><strong>Service:<\/strong>&nbsp;Elevation adjustment<strong><br>Completion:<\/strong>&nbsp;2004<br><strong>Area:<\/strong>&nbsp;1.400m\u00b2<\/p>\r\n<\/div>\r\n\r\n\r\n\r\n<div class=\"wp-block-column is-layout-flow wp-block-column-is-layout-flow\">\r\n<figure class=\"wp-block-image size-large\"><img loading=\"lazy\" decoding=\"async\" width=\"1024\" height=\"768\" src=\"https:\/\/www.metodo.com.br\/wp-content\/uploads\/2024\/07\/casino-1024x768.png\" alt=\"\" class=\"wp-image-1584\" srcset=\"https:\/\/www.metodo.com.br\/wp-content\/uploads\/2024\/07\/casino-1024x768.png 1024w, https:\/\/www.metodo.com.br\/wp-content\/uploads\/2024\/07\/casino-300x225.png 300w, https:\/\/www.metodo.com.br\/wp-content\/uploads\/2024\/07\/casino-768x576.png 768w, https:\/\/www.metodo.com.br\/wp-content\/uploads\/2024\/07\/casino-1536x1152.png 1536w, https:\/\/www.metodo.com.br\/wp-content\/uploads\/2024\/07\/casino.png 1890w\" sizes=\"auto, (max-width: 1024px) 100vw, 1024px\" \/><\/figure>\r\n\r\n\r\n\r\n<h2 class=\"wp-block-heading\">Sala de Entretenimiento -Montevideo Shopping&nbsp;<\/h2>\r\n\r\n\r\n\r\n<p class=\"wp-block-paragraph\"><strong>Location:\u00a0<\/strong>Montevideo &#8211; Uruguai <br><strong>Client:<\/strong>\u00a0H\u00edpica Rioplatense Uruguay S.A.<br><strong>Service:<\/strong>\u00a0Elevation adjustment and expansion<strong><br>Completion:<\/strong>\u00a02004<br><strong>Area:<\/strong>\u00a01.500m\u00b2<\/p>\r\n<\/div>\r\n<\/div>\r\n\r\n\r\n\r\n<div class=\"wp-block-columns is-layout-flex wp-container-core-columns-is-layout-8f761849 wp-block-columns-is-layout-flex\">\r\n<div class=\"wp-block-column is-layout-flow wp-block-column-is-layout-flow\">\r\n<figure class=\"wp-block-image size-large\"><img loading=\"lazy\" decoding=\"async\" width=\"1024\" height=\"768\" src=\"https:\/\/www.metodo.com.br\/wp-content\/uploads\/2024\/07\/18-de-julio-1-1024x768.png\" alt=\"\" class=\"wp-image-1586\" srcset=\"https:\/\/www.metodo.com.br\/wp-content\/uploads\/2024\/07\/18-de-julio-1-1024x768.png 1024w, https:\/\/www.metodo.com.br\/wp-content\/uploads\/2024\/07\/18-de-julio-1-300x225.png 300w, https:\/\/www.metodo.com.br\/wp-content\/uploads\/2024\/07\/18-de-julio-1-768x576.png 768w, https:\/\/www.metodo.com.br\/wp-content\/uploads\/2024\/07\/18-de-julio-1-1536x1152.png 1536w, https:\/\/www.metodo.com.br\/wp-content\/uploads\/2024\/07\/18-de-julio-1.png 1890w\" sizes=\"auto, (max-width: 1024px) 100vw, 1024px\" \/><\/figure>\r\n\r\n\r\n\r\n<h2 class=\"wp-block-heading\">Sala de Entretenimiento &#8211; 18 de Julio&nbsp;<\/h2>\r\n\r\n\r\n\r\n<p class=\"wp-block-paragraph\"><strong>Location:&nbsp;<\/strong>Montevideo &#8211; Uruguai <br><strong>Client:<\/strong>&nbsp;H\u00edpica Rioplatense Uruguay S.A.<br><strong>Service:<\/strong>&nbsp;Retrofit<strong><br>Completion:<\/strong>&nbsp;2003<br><strong>Area:<\/strong> 4.000m\u00b2<br><\/p>\r\n<\/div>\r\n\r\n\r\n\r\n<div class=\"wp-block-column is-layout-flow wp-block-column-is-layout-flow\">\r\n<figure class=\"wp-block-image size-large\"><img loading=\"lazy\" decoding=\"async\" width=\"1024\" height=\"768\" src=\"https:\/\/www.metodo.com.br\/wp-content\/uploads\/2024\/07\/genat-1024x768.png\" alt=\"\" class=\"wp-image-1585\" srcset=\"https:\/\/www.metodo.com.br\/wp-content\/uploads\/2024\/07\/genat-1024x768.png 1024w, https:\/\/www.metodo.com.br\/wp-content\/uploads\/2024\/07\/genat-300x225.png 300w, https:\/\/www.metodo.com.br\/wp-content\/uploads\/2024\/07\/genat-768x576.png 768w, https:\/\/www.metodo.com.br\/wp-content\/uploads\/2024\/07\/genat-1536x1152.png 1536w, https:\/\/www.metodo.com.br\/wp-content\/uploads\/2024\/07\/genat.png 1890w\" sizes=\"auto, (max-width: 1024px) 100vw, 1024px\" \/><\/figure>\r\n\r\n\r\n\r\n<h2 class=\"wp-block-heading\">Sala de Entretenimiento &#8211; Centro Comercial Parque Roosevelt <\/h2>\r\n\r\n\r\n\r\n<p class=\"wp-block-paragraph\"><strong>Location:&nbsp;<\/strong>Montevideo &#8211; Uruguai <br><strong>Client:<\/strong>&nbsp;H\u00edpica Rioplatense Uruguay S.A.<br><strong>Service:<\/strong>&nbsp;Elevation adjustment<strong><br>Completion:<\/strong>&nbsp;2003<br><strong>Area:<\/strong>&nbsp;1.700m\u00b2<\/p>\r\n<\/div>\r\n\r\n\r\n\r\n<div class=\"wp-block-column is-layout-flow wp-block-column-is-layout-flow\">\r\n<figure class=\"wp-block-image size-large\"><img loading=\"lazy\" decoding=\"async\" width=\"1024\" height=\"768\" src=\"https:\/\/www.metodo.com.br\/wp-content\/uploads\/2024\/07\/Wetn-Wild-0-1024x768.png\" alt=\"\" class=\"wp-image-1587\" srcset=\"https:\/\/www.metodo.com.br\/wp-content\/uploads\/2024\/07\/Wetn-Wild-0-1024x768.png 1024w, https:\/\/www.metodo.com.br\/wp-content\/uploads\/2024\/07\/Wetn-Wild-0-300x225.png 300w, https:\/\/www.metodo.com.br\/wp-content\/uploads\/2024\/07\/Wetn-Wild-0-768x576.png 768w, https:\/\/www.metodo.com.br\/wp-content\/uploads\/2024\/07\/Wetn-Wild-0-1536x1152.png 1536w, https:\/\/www.metodo.com.br\/wp-content\/uploads\/2024\/07\/Wetn-Wild-0.png 1890w\" sizes=\"auto, (max-width: 1024px) 100vw, 1024px\" \/><\/figure>\r\n\r\n\r\n\r\n<h2 class=\"wp-block-heading\">Wet\u2019n Wild<\/h2>\r\n\r\n\r\n\r\n<p class=\"wp-block-paragraph\"><strong>Location:&nbsp;<\/strong>Itupeva &#8211; SP<br><strong>Client:<\/strong>&nbsp;Serra Azul Water Park S.A<br><strong>Service:<\/strong>&nbsp;Construction<strong><br>Completion:<\/strong>&nbsp;1997<br><strong>Area:<\/strong>&nbsp;116.400m\u00b2<\/p>\r\n<\/div>\r\n<\/div>\r\n\r\n\r\n\r\n<div class=\"wp-block-buttons is-layout-flex wp-block-buttons-is-layout-flex\"><\/div>","protected":false},"excerpt":{"rendered":"<p>Hip\u00f3dromo de Maro\u00f1as Location:\u00a0Montevideo &#8211; Uruguai Client:\u00a0H\u00edpica Rioplatense Uruguay S.A.Service:\u00a0RetrofitCompletion:\u00a02006 Sala de Entretenimiento &#8211; Shopping de Las Piedras Location:&nbsp;Montevideo &#8211; Uruguai Client:&nbsp;H\u00edpica Rioplatense Uruguay S.A.Service:&nbsp;Elevation adjustmentCompletion:&nbsp;2004Area:&nbsp;1.400m\u00b2 Sala de Entretenimiento -Montevideo Shopping&nbsp; Location:\u00a0Montevideo &#8211; Uruguai Client:\u00a0H\u00edpica Rioplatense Uruguay S.A.Service:\u00a0Elevation adjustment and expansionCompletion:\u00a02004Area:\u00a01.500m\u00b2 Sala de Entretenimiento &#8211; 18 de Julio&nbsp; Location:&nbsp;Montevideo &#8211; Uruguai Client:&nbsp;H\u00edpica Rioplatense Uruguay S.A.Service:&nbsp;RetrofitCompletion:&nbsp;2003Area: [&hellip;]<\/p>\n","protected":false},"author":2,"featured_media":0,"parent":1373,"menu_order":0,"comment_status":"closed","ping_status":"closed","template":"tpl-na-midia.php","meta":{"_crdt_document":"","footnotes":""},"class_list":["post-1580","page","type-page","status-publish","hentry"],"yoast_head":"<!-- This site is optimized with the Yoast SEO plugin v27.5 - https:\/\/yoast.com\/product\/yoast-seo-wordpress\/ -->\n<title>entertainment - M\u00e9todo Engenharia<\/title>\n<meta name=\"description\" content=\"Nosso portf\u00f3lio de entretenimento inclui a constru\u00e7\u00e3o do Wen&#039;t Wild e 5 empreendimentos no Uruguai, destacando nosso compromisso em criar experi\u00eancias \u00fanicas e envolventes para o p\u00fablico.\" \/>\n<meta name=\"robots\" content=\"index, follow, max-snippet:-1, max-image-preview:large, max-video-preview:-1\" \/>\n<link rel=\"canonical\" href=\"https:\/\/www.metodo.com.br\/segmentos\/entretenimento\/\" \/>\n<meta property=\"og:locale\" content=\"en_US\" \/>\n<meta property=\"og:type\" content=\"article\" \/>\n<meta property=\"og:title\" content=\"entretenimento\" \/>\n<meta property=\"og:description\" content=\"Nosso portf\u00f3lio de entretenimento inclui a constru\u00e7\u00e3o do Wen&#039;t Wild e 5 empreendimentos no Uruguai, destacando nosso compromisso em criar experi\u00eancias \u00fanicas e envolventes para o p\u00fablico.\" \/>\n<meta property=\"og:url\" content=\"https:\/\/www.metodo.com.br\/segmentos\/entretenimento\/\" \/>\n<meta property=\"og:site_name\" content=\"M\u00e9todo Engenharia\" \/>\n<meta property=\"article:modified_time\" content=\"2024-09-25T17:49:39+00:00\" \/>\n<meta property=\"og:image\" content=\"https:\/\/www.metodo.com.br\/wp-content\/uploads\/2024\/07\/Wetn-Wild-1-1024x768.png\" \/>\n\t<meta property=\"og:image:width\" content=\"1024\" \/>\n\t<meta property=\"og:image:height\" content=\"768\" \/>\n\t<meta property=\"og:image:type\" content=\"image\/png\" \/>\n<meta name=\"twitter:card\" content=\"summary_large_image\" \/>\n<meta name=\"twitter:label1\" content=\"Est. reading time\" \/>\n\t<meta name=\"twitter:data1\" content=\"2 minutes\" \/>\n<script type=\"application\/ld+json\" class=\"yoast-schema-graph\">{\"@context\":\"https:\\\/\\\/schema.org\",\"@graph\":[{\"@type\":\"WebPage\",\"@id\":\"https:\\\/\\\/www.metodo.com.br\\\/segmentos\\\/entretenimento\\\/\",\"url\":\"https:\\\/\\\/www.metodo.com.br\\\/segmentos\\\/entretenimento\\\/\",\"name\":\"[:pb]entretenimento[:en]entertainment[:] - M\u00e9todo Engenharia\",\"isPartOf\":{\"@id\":\"https:\\\/\\\/www.metodo.com.br\\\/#website\"},\"primaryImageOfPage\":{\"@id\":\"https:\\\/\\\/www.metodo.com.br\\\/segmentos\\\/entretenimento\\\/#primaryimage\"},\"image\":{\"@id\":\"https:\\\/\\\/www.metodo.com.br\\\/segmentos\\\/entretenimento\\\/#primaryimage\"},\"thumbnailUrl\":\"https:\\\/\\\/www.metodo.com.br\\\/wp-content\\\/uploads\\\/2024\\\/07\\\/Hipodromo-1024x768.png\",\"datePublished\":\"2024-07-12T16:52:33+00:00\",\"dateModified\":\"2024-09-25T17:49:39+00:00\",\"description\":\"Nosso portf\u00f3lio de entretenimento inclui a constru\u00e7\u00e3o do Wen't Wild e 5 empreendimentos no Uruguai, destacando nosso compromisso em criar experi\u00eancias \u00fanicas e envolventes para o p\u00fablico.\",\"breadcrumb\":{\"@id\":\"https:\\\/\\\/www.metodo.com.br\\\/segmentos\\\/entretenimento\\\/#breadcrumb\"},\"inLanguage\":\"en-US\",\"potentialAction\":[{\"@type\":\"ReadAction\",\"target\":[\"https:\\\/\\\/www.metodo.com.br\\\/segmentos\\\/entretenimento\\\/\"]}]},{\"@type\":\"ImageObject\",\"inLanguage\":\"en-US\",\"@id\":\"https:\\\/\\\/www.metodo.com.br\\\/segmentos\\\/entretenimento\\\/#primaryimage\",\"url\":\"https:\\\/\\\/www.metodo.com.br\\\/wp-content\\\/uploads\\\/2024\\\/07\\\/Hipodromo-1024x768.png\",\"contentUrl\":\"https:\\\/\\\/www.metodo.com.br\\\/wp-content\\\/uploads\\\/2024\\\/07\\\/Hipodromo-1024x768.png\"},{\"@type\":\"BreadcrumbList\",\"@id\":\"https:\\\/\\\/www.metodo.com.br\\\/segmentos\\\/entretenimento\\\/#breadcrumb\",\"itemListElement\":[{\"@type\":\"ListItem\",\"position\":1,\"name\":\"In\u00edcio\",\"item\":\"https:\\\/\\\/www.metodo.com.br\\\/\"},{\"@type\":\"ListItem\",\"position\":2,\"name\":\"segmentos\",\"item\":\"https:\\\/\\\/www.metodo.com.br\\\/segmentos\\\/\"},{\"@type\":\"ListItem\",\"position\":3,\"name\":\"[:pb]entretenimento[:en]entertainment[:]\"}]},{\"@type\":\"WebSite\",\"@id\":\"https:\\\/\\\/www.metodo.com.br\\\/#website\",\"url\":\"https:\\\/\\\/www.metodo.com.br\\\/\",\"name\":\"M\u00e9todo Engenharia\",\"description\":\"\",\"potentialAction\":[{\"@type\":\"SearchAction\",\"target\":{\"@type\":\"EntryPoint\",\"urlTemplate\":\"https:\\\/\\\/www.metodo.com.br\\\/?s={search_term_string}\"},\"query-input\":{\"@type\":\"PropertyValueSpecification\",\"valueRequired\":true,\"valueName\":\"search_term_string\"}}],\"inLanguage\":\"en-US\"}]}<\/script>\n<!-- \/ Yoast SEO plugin. -->","yoast_head_json":{"title":"[:pb]entretenimento[:en]entertainment[:] - M\u00e9todo Engenharia","description":"Nosso portf\u00f3lio de entretenimento inclui a constru\u00e7\u00e3o do Wen't Wild e 5 empreendimentos no Uruguai, destacando nosso compromisso em criar experi\u00eancias \u00fanicas e envolventes para o p\u00fablico.","robots":{"index":"index","follow":"follow","max-snippet":"max-snippet:-1","max-image-preview":"max-image-preview:large","max-video-preview":"max-video-preview:-1"},"canonical":"https:\/\/www.metodo.com.br\/segmentos\/entretenimento\/","og_locale":"en_US","og_type":"article","og_title":"entretenimento","og_description":"Nosso portf\u00f3lio de entretenimento inclui a constru\u00e7\u00e3o do Wen't Wild e 5 empreendimentos no Uruguai, destacando nosso compromisso em criar experi\u00eancias \u00fanicas e envolventes para o p\u00fablico.","og_url":"https:\/\/www.metodo.com.br\/segmentos\/entretenimento\/","og_site_name":"M\u00e9todo Engenharia","article_modified_time":"2024-09-25T17:49:39+00:00","og_image":[{"width":1024,"height":768,"url":"https:\/\/www.metodo.com.br\/wp-content\/uploads\/2024\/07\/Wetn-Wild-1-1024x768.png","type":"image\/png"}],"twitter_card":"summary_large_image","twitter_misc":{"Est. reading time":"2 minutes"},"schema":{"@context":"https:\/\/schema.org","@graph":[{"@type":"WebPage","@id":"https:\/\/www.metodo.com.br\/segmentos\/entretenimento\/","url":"https:\/\/www.metodo.com.br\/segmentos\/entretenimento\/","name":"[:pb]entretenimento[:en]entertainment[:] - M\u00e9todo Engenharia","isPartOf":{"@id":"https:\/\/www.metodo.com.br\/#website"},"primaryImageOfPage":{"@id":"https:\/\/www.metodo.com.br\/segmentos\/entretenimento\/#primaryimage"},"image":{"@id":"https:\/\/www.metodo.com.br\/segmentos\/entretenimento\/#primaryimage"},"thumbnailUrl":"https:\/\/www.metodo.com.br\/wp-content\/uploads\/2024\/07\/Hipodromo-1024x768.png","datePublished":"2024-07-12T16:52:33+00:00","dateModified":"2024-09-25T17:49:39+00:00","description":"Nosso portf\u00f3lio de entretenimento inclui a constru\u00e7\u00e3o do Wen't Wild e 5 empreendimentos no Uruguai, destacando nosso compromisso em criar experi\u00eancias \u00fanicas e envolventes para o p\u00fablico.","breadcrumb":{"@id":"https:\/\/www.metodo.com.br\/segmentos\/entretenimento\/#breadcrumb"},"inLanguage":"en-US","potentialAction":[{"@type":"ReadAction","target":["https:\/\/www.metodo.com.br\/segmentos\/entretenimento\/"]}]},{"@type":"ImageObject","inLanguage":"en-US","@id":"https:\/\/www.metodo.com.br\/segmentos\/entretenimento\/#primaryimage","url":"https:\/\/www.metodo.com.br\/wp-content\/uploads\/2024\/07\/Hipodromo-1024x768.png","contentUrl":"https:\/\/www.metodo.com.br\/wp-content\/uploads\/2024\/07\/Hipodromo-1024x768.png"},{"@type":"BreadcrumbList","@id":"https:\/\/www.metodo.com.br\/segmentos\/entretenimento\/#breadcrumb","itemListElement":[{"@type":"ListItem","position":1,"name":"In\u00edcio","item":"https:\/\/www.metodo.com.br\/"},{"@type":"ListItem","position":2,"name":"segmentos","item":"https:\/\/www.metodo.com.br\/segmentos\/"},{"@type":"ListItem","position":3,"name":"[:pb]entretenimento[:en]entertainment[:]"}]},{"@type":"WebSite","@id":"https:\/\/www.metodo.com.br\/#website","url":"https:\/\/www.metodo.com.br\/","name":"M\u00e9todo Engenharia","description":"","potentialAction":[{"@type":"SearchAction","target":{"@type":"EntryPoint","urlTemplate":"https:\/\/www.metodo.com.br\/?s={search_term_string}"},"query-input":{"@type":"PropertyValueSpecification","valueRequired":true,"valueName":"search_term_string"}}],"inLanguage":"en-US"}]}},"_links":{"self":[{"href":"https:\/\/www.metodo.com.br\/en\/wp-json\/wp\/v2\/pages\/1580","targetHints":{"allow":["GET"]}}],"collection":[{"href":"https:\/\/www.metodo.com.br\/en\/wp-json\/wp\/v2\/pages"}],"about":[{"href":"https:\/\/www.metodo.com.br\/en\/wp-json\/wp\/v2\/types\/page"}],"author":[{"embeddable":true,"href":"https:\/\/www.metodo.com.br\/en\/wp-json\/wp\/v2\/users\/2"}],"replies":[{"embeddable":true,"href":"https:\/\/www.metodo.com.br\/en\/wp-json\/wp\/v2\/comments?post=1580"}],"version-history":[{"count":10,"href":"https:\/\/www.metodo.com.br\/en\/wp-json\/wp\/v2\/pages\/1580\/revisions"}],"predecessor-version":[{"id":2385,"href":"https:\/\/www.metodo.com.br\/en\/wp-json\/wp\/v2\/pages\/1580\/revisions\/2385"}],"up":[{"embeddable":true,"href":"https:\/\/www.metodo.com.br\/en\/wp-json\/wp\/v2\/pages\/1373"}],"wp:attachment":[{"href":"https:\/\/www.metodo.com.br\/en\/wp-json\/wp\/v2\/media?parent=1580"}],"curies":[{"name":"wp","href":"https:\/\/api.w.org\/{rel}","templated":true}]}}